{"id":40,"date":"2017-01-28T14:34:48","date_gmt":"2017-01-28T14:34:48","guid":{"rendered":"http:\/\/www.themazine.com\/wp\/backpiperarch\/?page_id=40"},"modified":"2017-01-28T14:34:48","modified_gmt":"2017-01-28T14:34:48","slug":"team-profile","status":"publish","type":"page","link":"https:\/\/www.dimoraulmo.it\/en\/team-profile\/","title":{"rendered":"Team Profile"},"content":{"rendered":"<div class=\"vc_row wpb_row vc_row-fluid\"><div class=\"wpb_column vc_column_container vc_col-sm-12\"><div class=\"vc_column-inner\"><div class=\"wpb_wrapper\">   \r\n \r\n\r\n<!-- Team Details _______________________ -->\r\n<div class=\"team-member-details\">\r\n    <div class=\"container\">\r\n        <div class=\"team-details-slider\">\r\n            \r\n                        \r\n            <div class=\"item clear-fix\">\r\n                <div class=\"team-img float-left\">\r\n                    <img loading=\"lazy\" decoding=\"async\" width=\"400\" height=\"500\" src=\"https:\/\/www.dimoraulmo.it\/wp-content\/uploads\/2022\/02\/Virginia-400x500.jpg\" class=\"attachment-backpiperarch_400x500 size-backpiperarch_400x500 wp-post-image\" alt=\"\" \/>                <\/div>\r\n\r\n                <div class=\"member-details float-left\">\r\n                    <h4>Virginia Caravita<\/h4>\r\n                    <span><\/span>\r\n                                            <ul class=\"icon\">\r\n                                                        <li><a href=\"\" class=\"tran3s\"><i class=\"fa\" aria-hidden=\"true\"><\/i><\/a><\/li>\r\n                                                    <\/ul>\r\n                                        <p>Virginia, nata a Ferrara, ha lavorato con chef stellati come Massimo Bottura presso il Ristorante Italiano ad Istanbul e Luca Marchini presso l\u2019Erba del Re, un conosciutissimo ristorante a Modena.<\/p>\r\n\r\n                    <ul class=\"contact-info\">\r\n                        <li><i class=\"fa fa-envelope-o\" aria-hidden=\"true\"><\/i><\/li>\r\n                        <li><i class=\"fa fa-phone\" aria-hidden=\"true\"><\/i><\/li>\r\n                        <li><i class=\"fa fa-skype\" aria-hidden=\"true\"><\/i><\/li>\r\n                    <\/ul>\r\n                <\/div>\r\n            <\/div> <!-- \/.item -->\r\n        \t\r\n        \t            \r\n            <div class=\"item clear-fix\">\r\n                <div class=\"team-img float-left\">\r\n                    <img loading=\"lazy\" decoding=\"async\" width=\"400\" height=\"500\" src=\"https:\/\/www.dimoraulmo.it\/wp-content\/uploads\/2022\/02\/Nico-400x500.jpg\" class=\"attachment-backpiperarch_400x500 size-backpiperarch_400x500 wp-post-image\" alt=\"\" \/>                <\/div>\r\n\r\n                <div class=\"member-details float-left\">\r\n                    <h4>Nico Andrisani<\/h4>\r\n                    <span><\/span>\r\n                                            <ul class=\"icon\">\r\n                                                        <li><a href=\"\" class=\"tran3s\"><i class=\"fa\" aria-hidden=\"true\"><\/i><\/a><\/li>\r\n                                                    <\/ul>\r\n                                        <p>Nico Andrisani \u00e8 un appassionato di arti e design. Ha preso parte a diverse realt\u00e0 di imprenditoria a livello locale ed internazionale. Ha scelto l&#8217;arredamento e lo stile della &#8220;nuova&#8221; Dimora Ulmo. La sua passione per la bellezza e la cucina ha permesso a lui e al suo staff di creare un concetto di cucina gourmet non convenzionale.<\/p>\r\n\r\n                    <ul class=\"contact-info\">\r\n                        <li><i class=\"fa fa-envelope-o\" aria-hidden=\"true\"><\/i><\/li>\r\n                        <li><i class=\"fa fa-phone\" aria-hidden=\"true\"><\/i><\/li>\r\n                        <li><i class=\"fa fa-skype\" aria-hidden=\"true\"><\/i><\/li>\r\n                    <\/ul>\r\n                <\/div>\r\n            <\/div> <!-- \/.item -->\r\n        \t\r\n        \t            \r\n            <div class=\"item clear-fix\">\r\n                <div class=\"team-img float-left\">\r\n                    <img loading=\"lazy\" decoding=\"async\" width=\"400\" height=\"500\" src=\"https:\/\/www.dimoraulmo.it\/wp-content\/uploads\/2022\/02\/Michele-400x500.jpg\" class=\"attachment-backpiperarch_400x500 size-backpiperarch_400x500 wp-post-image\" alt=\"\" \/>                <\/div>\r\n\r\n                <div class=\"member-details float-left\">\r\n                    <h4>Michele Castelli<\/h4>\r\n                    <span><\/span>\r\n                                            <ul class=\"icon\">\r\n                                                        <li><a href=\"\" class=\"tran3s\"><i class=\"fa\" aria-hidden=\"true\"><\/i><\/a><\/li>\r\n                                                    <\/ul>\r\n                                        <p>\u00c8 nato a Matera, dove torna dopo un&#8217;esperienza di sei anni all&#8217;Osteria Francescana e due anni di esperienza al Ristorante Italiano di Istanbul, sotto la guida dello chef Massimo Bottura.<\/p>\r\n\r\n                    <ul class=\"contact-info\">\r\n                        <li><i class=\"fa fa-envelope-o\" aria-hidden=\"true\"><\/i>info@gmail.com<\/li>\r\n                        <li><i class=\"fa fa-phone\" aria-hidden=\"true\"><\/i>+88 01682648101<\/li>\r\n                        <li><i class=\"fa fa-skype\" aria-hidden=\"true\"><\/i>Ghost237<\/li>\r\n                    <\/ul>\r\n                <\/div>\r\n            <\/div> <!-- \/.item -->\r\n        \t\r\n        \t            \r\n            <div class=\"item clear-fix\">\r\n                <div class=\"team-img float-left\">\r\n                    <img loading=\"lazy\" decoding=\"async\" width=\"400\" height=\"500\" src=\"https:\/\/www.dimoraulmo.it\/wp-content\/uploads\/2022\/02\/Francesco-400x500.jpg\" class=\"attachment-backpiperarch_400x500 size-backpiperarch_400x500 wp-post-image\" alt=\"\" \/>                <\/div>\r\n\r\n                <div class=\"member-details float-left\">\r\n                    <h4>Francesco Russo<\/h4>\r\n                    <span><\/span>\r\n                                            <ul class=\"icon\">\r\n                                                        <li><a href=\"\" class=\"tran3s\"><i class=\"fa\" aria-hidden=\"true\"><\/i><\/a><\/li>\r\n                                                    <\/ul>\r\n                                        <p>Francesco \u00e8 il ma\u00eetre di Dimora Ulmo. Ha lavorato all&#8217;Osteria Francescana di Modena, presso Piazza D&#8217;Uomo ad Alba e alla Locandiera a Bernalda (MT), una delle Premiate Trattorie Italiane (trattorie premiate e di alto livello). Francesco \u00e8 sommelier: a Dimora Ulmo ha una delle variet\u00e0 pi\u00f9 ben assortite di vini e distillati del Sud Italia.<\/p>\r\n\r\n                    <ul class=\"contact-info\">\r\n                        <li><i class=\"fa fa-envelope-o\" aria-hidden=\"true\"><\/i><\/li>\r\n                        <li><i class=\"fa fa-phone\" aria-hidden=\"true\"><\/i><\/li>\r\n                        <li><i class=\"fa fa-skype\" aria-hidden=\"true\"><\/i><\/li>\r\n                    <\/ul>\r\n                <\/div>\r\n            <\/div> <!-- \/.item -->\r\n        \t\r\n        \t        \r\n        <\/div> <!-- \/.team-details-slider -->\r\n    <\/div> <!-- \/.container -->\r\n<\/div>\r\n\r\n<\/div><\/div><\/div><\/div><div class=\"vc_row wpb_row vc_row-fluid\"><div class=\"wpb_column vc_column_container vc_col-sm-12\"><div class=\"vc_column-inner\"><div class=\"wpb_wrapper\">\r\n<!-- Contact us ________________________ -->\r\n<div class=\"contact-us\" style=\"background-image:url('https:\/\/www.dimoraulmo.it\/wp-content\/uploads\/2017\/01\/4-2.jpg')\">\r\n    <div class=\"opacity\">\r\n        <div class=\"container\">\r\n            <h4>Contact<\/h4>\r\n\r\n            <div class=\"clear-fix\">\r\n                <div class=\"contact-us-form float-right\">\r\n                    \n<div class=\"wpcf7 no-js\" id=\"wpcf7-f131-o1\" lang=\"en-US\" dir=\"ltr\" data-wpcf7-id=\"131\">\n<div class=\"screen-reader-response\"><p role=\"status\" aria-live=\"polite\"><\/p> <ul><\/ul><\/div>\n\n<fieldset class=\"hidden-fields-container\">\n<\/fieldset>\n<p><span class=\"wpcf7-form-control-wrap\" data-name=\"text-671\"><\/span><span class=\"wpcf7-form-control-wrap\" data-name=\"email-559\"><\/span><span class=\"wpcf7-form-control-wrap\" data-name=\"textarea-530\"><textarea cols=\"40\" rows=\"10\" class=\"wpcf7-form-control wpcf7-textarea\" name=\"textarea-530\"><\/textarea><\/span>\n<\/p>\n<div class=\"theme-button\">\n\t<p>\n\t<\/p>\n<\/div><p class=\"akismet-fields-container\" data-prefix=\"_wpcf7_ak_\"><label>&#916;<textarea name=\"_wpcf7_ak_hp_textarea\" cols=\"45\" rows=\"8\"><\/textarea><\/label>document.getElementById( \"ak_js_1\" ).setAttribute( \"value\", ( new Date() ).getTime() );<\/p><div class=\"wpcf7-response-output\" aria-hidden=\"true\"><\/div>\n\n<\/div>\n                    <!-- Contact alert -->\r\n                <\/div> <!-- \/.contact-us-form -->\r\n                <div class=\"contact-address float-left\">\r\n                    <ul>\r\n                        <li>+88 01682648101<\/li>\r\n                        <li>+88 01682648101<\/li>\r\n                        <li>info@backpiperarch.com<\/li>\r\n                    <\/ul>\r\n                    <h6>Address<\/h6>\r\n                    <p>128 West 21th Street, Suite 721 New<br \/><br \/>\nYork BD 23465<\/p>\r\n                <\/div> <!-- \/.contact-address -->\r\n            <\/div> <!-- \/.clear-fix -->\r\n        <\/div> <!-- \/.container -->\r\n    <\/div> <!-- \/.opacity -->\r\n<\/div>\r\n\r\n<\/div><\/div><\/div><\/div><div class=\"vc_row wpb_row vc_row-fluid\"><div class=\"wpb_column vc_column_container vc_col-sm-12\"><div class=\"vc_column-inner\"><div class=\"wpb_wrapper\">\r\n<div id=\"google-map-area\" class=\"add-class\">\r\n    <div class=\"google-map\" \r\n        id=\"contact-google-map\" \r\n        data-map-lat=\"40.925372\" \r\n        data-map-lng=\"-74.276544\" \r\n        data-icon-path=\"https:\/\/www.dimoraulmo.it\/wp-content\/uploads\/2017\/01\/map.png\" \r\n        data-map-title=\"Find Map\" \r\n        data-map-zoom=\"12\">\r\n    <\/div>\r\n <\/div>\r\n \r\n<\/div><\/div><\/div><\/div>","protected":false},"excerpt":{"rendered":"Francesco \u00e8 il ma\u00eetre di Dimora Ulmo. Ha lavorato all'Osteria Francescana di Modena, presso Piazza D'Uomo ad Alba e alla Locandiera a Bernalda (MT), una delle Premiate Trattorie Italiane (trattorie premiate e di alto livello). Francesco \u00e8 sommelier: a Dimora Ulmo ha una delle variet\u00e0 pi\u00f9 ben assortite di vini e distillati del Sud Italia.","protected":false},"author":1,"featured_media":0,"parent":0,"menu_order":0,"comment_status":"closed","ping_status":"closed","template":"tpl-visual_composer.php","meta":{"footnotes":""},"class_list":["post-40","page","type-page","status-publish","hentry"],"_links":{"self":[{"href":"https:\/\/www.dimoraulmo.it\/en\/wp-json\/wp\/v2\/pages\/40","targetHints":{"allow":["GET"]}}],"collection":[{"href":"https:\/\/www.dimoraulmo.it\/en\/wp-json\/wp\/v2\/pages"}],"about":[{"href":"https:\/\/www.dimoraulmo.it\/en\/wp-json\/wp\/v2\/types\/page"}],"author":[{"embeddable":true,"href":"https:\/\/www.dimoraulmo.it\/en\/wp-json\/wp\/v2\/users\/1"}],"replies":[{"embeddable":true,"href":"https:\/\/www.dimoraulmo.it\/en\/wp-json\/wp\/v2\/comments?post=40"}],"version-history":[{"count":0,"href":"https:\/\/www.dimoraulmo.it\/en\/wp-json\/wp\/v2\/pages\/40\/revisions"}],"wp:attachment":[{"href":"https:\/\/www.dimoraulmo.it\/en\/wp-json\/wp\/v2\/media?parent=40"}],"curies":[{"name":"wp","href":"https:\/\/api.w.org\/{rel}","templated":true}]}}